{"id":11014,"date":"2025-06-16T11:05:23","date_gmt":"2025-06-16T09:05:23","guid":{"rendered":"https:\/\/www.boksandbaum.com\/cart\/"},"modified":"2026-03-23T15:19:56","modified_gmt":"2026-03-23T14:19:56","slug":"cart","status":"publish","type":"page","link":"https:\/\/www.boksandbaum.com\/en\/cart\/","title":{"rendered":"Cart"},"content":{"rendered":"\t\t<div data-elementor-type=\"wp-page\" data-elementor-id=\"11014\" class=\"elementor elementor-11014 elementor-36\" data-elementor-post-type=\"page\">\n\t\t\t\t<div class=\"elementor-element elementor-element-4271106 e-flex e-con-boxed e-con e-parent\" data-id=\"4271106\" data-element_type=\"container\" data-e-type=\"container\" data-settings=\"{&quot;background_background&quot;:&quot;classic&quot;}\">\n\t\t\t\t\t<div class=\"e-con-inner\">\n\t\t\t\t\t<\/div>\n\t\t\t\t<\/div>\n\t\t<div class=\"elementor-element elementor-element-626103f3 e-flex e-con-boxed e-con e-parent\" data-id=\"626103f3\" data-element_type=\"container\" data-e-type=\"container\" data-settings=\"{&quot;background_background&quot;:&quot;classic&quot;}\">\n\t\t\t\t\t<div class=\"e-con-inner\">\n\t\t\t\t\t<\/div>\n\t\t\t\t<\/div>\n\t\t\t\t<\/div>\n\t\t","protected":false},"excerpt":{"rendered":"<p>Supprimer l\u2019\u00e9l\u00e9ment Miniature Produit Prix Quantit\u00e9 Sous-total &times; ROMA 329,17&nbsp;&euro; quantit\u00e9 de ROMA&nbsp; 329,17&nbsp;&euro; &times; NATACHA &#8211; PINK 404,17&nbsp;&euro; quantit\u00e9 de NATACHA &#8211; PINK&nbsp; 404,17&nbsp;&euro; Apply the coupon code Cart totals Sous-total 733,34&nbsp;&euro; Choisissez votre m\u00e9thode de livraison Colissimo avec signature: 15,00&nbsp;&euro; Livraison \u00e0 20 rue du Chasnot, 25000 Besan\u00e7on, Espagne. Modifier l\u2019adresse Pays\u00a0\/ r\u00e9gion [&hellip;]<\/p>\n","protected":false},"author":1,"featured_media":0,"parent":0,"menu_order":8,"comment_status":"closed","ping_status":"closed","template":"","meta":{"_acf_changed":false,"footnotes":""},"categories":[],"tags":[],"class_list":["post-11014","page","type-page","status-publish","hentry"],"acf":[],"yoast_head":"<!-- This site is optimized with the Yoast SEO plugin v27.3 - https:\/\/yoast.com\/product\/yoast-seo-wordpress\/ -->\n<title>Cart - Boks &amp; Baum<\/title>\n<meta name=\"robots\" content=\"index, follow, max-snippet:-1, max-image-preview:large, max-video-preview:-1\" \/>\n<link rel=\"canonical\" href=\"https:\/\/www.boksandbaum.com\/en\/cart\/\" \/>\n<meta property=\"og:locale\" content=\"en_US\" \/>\n<meta property=\"og:type\" content=\"article\" \/>\n<meta property=\"og:title\" content=\"Cart - Boks &amp; Baum\" \/>\n<meta property=\"og:description\" content=\"Supprimer l\u2019\u00e9l\u00e9ment Miniature Produit Prix Quantit\u00e9 Sous-total &times; ROMA 329,17&nbsp;&euro; quantit\u00e9 de ROMA&nbsp; 329,17&nbsp;&euro; &times; NATACHA &#8211; PINK 404,17&nbsp;&euro; quantit\u00e9 de NATACHA &#8211; PINK&nbsp; 404,17&nbsp;&euro; Apply the coupon code Cart totals Sous-total 733,34&nbsp;&euro; Choisissez votre m\u00e9thode de livraison Colissimo avec signature: 15,00&nbsp;&euro; Livraison \u00e0 20 rue du Chasnot, 25000 Besan\u00e7on, Espagne. Modifier l\u2019adresse Pays\u00a0\/ r\u00e9gion [&hellip;]\" \/>\n<meta property=\"og:url\" content=\"https:\/\/www.boksandbaum.com\/en\/cart\/\" \/>\n<meta property=\"og:site_name\" content=\"Boks &amp; Baum\" \/>\n<meta property=\"article:modified_time\" content=\"2026-03-23T14:19:56+00:00\" \/>\n<meta property=\"og:image\" content=\"https:\/\/www.boksandbaum.com\/wp-content\/uploads\/2025\/11\/boksandbaum_ROMA_GREEN-520x520.webp\" \/>\n<meta name=\"twitter:card\" content=\"summary_large_image\" \/>\n<meta name=\"twitter:label1\" content=\"Est. reading time\" \/>\n\t<meta name=\"twitter:data1\" content=\"3 minutes\" \/>\n<script type=\"application\/ld+json\" class=\"yoast-schema-graph\">{\"@context\":\"https:\\\/\\\/schema.org\",\"@graph\":[{\"@type\":\"WebPage\",\"@id\":\"https:\\\/\\\/www.boksandbaum.com\\\/en\\\/cart\\\/\",\"url\":\"https:\\\/\\\/www.boksandbaum.com\\\/en\\\/cart\\\/\",\"name\":\"Cart - Boks &amp; Baum\",\"isPartOf\":{\"@id\":\"https:\\\/\\\/www.boksandbaum.com\\\/en\\\/#website\"},\"primaryImageOfPage\":{\"@id\":\"https:\\\/\\\/www.boksandbaum.com\\\/en\\\/cart\\\/#primaryimage\"},\"image\":{\"@id\":\"https:\\\/\\\/www.boksandbaum.com\\\/en\\\/cart\\\/#primaryimage\"},\"thumbnailUrl\":\"https:\\\/\\\/www.boksandbaum.com\\\/wp-content\\\/uploads\\\/2025\\\/11\\\/boksandbaum_ROMA_GREEN-520x520.webp\",\"datePublished\":\"2025-06-16T09:05:23+00:00\",\"dateModified\":\"2026-03-23T14:19:56+00:00\",\"breadcrumb\":{\"@id\":\"https:\\\/\\\/www.boksandbaum.com\\\/en\\\/cart\\\/#breadcrumb\"},\"inLanguage\":\"en-US\",\"potentialAction\":[{\"@type\":\"ReadAction\",\"target\":[\"https:\\\/\\\/www.boksandbaum.com\\\/en\\\/cart\\\/\"]}]},{\"@type\":\"ImageObject\",\"inLanguage\":\"en-US\",\"@id\":\"https:\\\/\\\/www.boksandbaum.com\\\/en\\\/cart\\\/#primaryimage\",\"url\":\"https:\\\/\\\/www.boksandbaum.com\\\/wp-content\\\/uploads\\\/2025\\\/11\\\/boksandbaum_ROMA_GREEN-520x520.webp\",\"contentUrl\":\"https:\\\/\\\/www.boksandbaum.com\\\/wp-content\\\/uploads\\\/2025\\\/11\\\/boksandbaum_ROMA_GREEN-520x520.webp\"},{\"@type\":\"BreadcrumbList\",\"@id\":\"https:\\\/\\\/www.boksandbaum.com\\\/en\\\/cart\\\/#breadcrumb\",\"itemListElement\":[{\"@type\":\"ListItem\",\"position\":1,\"name\":\"Accueil\",\"item\":\"https:\\\/\\\/www.boksandbaum.com\\\/en\\\/home\\\/\"},{\"@type\":\"ListItem\",\"position\":2,\"name\":\"Cart\"}]},{\"@type\":\"WebSite\",\"@id\":\"https:\\\/\\\/www.boksandbaum.com\\\/en\\\/#website\",\"url\":\"https:\\\/\\\/www.boksandbaum.com\\\/en\\\/\",\"name\":\"Boks &amp; Baum\",\"description\":\"\",\"publisher\":{\"@id\":\"https:\\\/\\\/www.boksandbaum.com\\\/en\\\/#organization\"},\"potentialAction\":[{\"@type\":\"SearchAction\",\"target\":{\"@type\":\"EntryPoint\",\"urlTemplate\":\"https:\\\/\\\/www.boksandbaum.com\\\/en\\\/?s={search_term_string}\"},\"query-input\":{\"@type\":\"PropertyValueSpecification\",\"valueRequired\":true,\"valueName\":\"search_term_string\"}}],\"inLanguage\":\"en-US\"},{\"@type\":\"Organization\",\"@id\":\"https:\\\/\\\/www.boksandbaum.com\\\/en\\\/#Organization\\\/\",\"name\":\"Boks &amp; Baum\",\"url\":\"https:\\\/\\\/www.boksandbaum.com\\\/en\\\/\",\"logo\":{\"@type\":\"ImageObject\",\"inLanguage\":\"en-US\",\"@id\":\"https:\\\/\\\/www.boksandbaum.com\\\/en\\\/#\\\/schema\\\/logo\\\/image\\\/\",\"url\":\"https:\\\/\\\/www.boksandbaum.com\\\/wp-content\\\/uploads\\\/2025\\\/06\\\/logo-3.webp\",\"contentUrl\":\"https:\\\/\\\/www.boksandbaum.com\\\/wp-content\\\/uploads\\\/2025\\\/06\\\/logo-3.webp\",\"width\":610,\"height\":165,\"caption\":\"Boks &amp; Baum\"},\"image\":{\"@id\":\"https:\\\/\\\/www.boksandbaum.com\\\/en\\\/#\\\/schema\\\/logo\\\/image\\\/\"}}]}<\/script>\n<!-- \/ Yoast SEO plugin. -->","yoast_head_json":{"title":"Cart - Boks &amp; Baum","robots":{"index":"index","follow":"follow","max-snippet":"max-snippet:-1","max-image-preview":"max-image-preview:large","max-video-preview":"max-video-preview:-1"},"canonical":"https:\/\/www.boksandbaum.com\/en\/cart\/","og_locale":"en_US","og_type":"article","og_title":"Cart - Boks &amp; Baum","og_description":"Supprimer l\u2019\u00e9l\u00e9ment Miniature Produit Prix Quantit\u00e9 Sous-total &times; ROMA 329,17&nbsp;&euro; quantit\u00e9 de ROMA&nbsp; 329,17&nbsp;&euro; &times; NATACHA &#8211; PINK 404,17&nbsp;&euro; quantit\u00e9 de NATACHA &#8211; PINK&nbsp; 404,17&nbsp;&euro; Apply the coupon code Cart totals Sous-total 733,34&nbsp;&euro; Choisissez votre m\u00e9thode de livraison Colissimo avec signature: 15,00&nbsp;&euro; Livraison \u00e0 20 rue du Chasnot, 25000 Besan\u00e7on, Espagne. Modifier l\u2019adresse Pays\u00a0\/ r\u00e9gion [&hellip;]","og_url":"https:\/\/www.boksandbaum.com\/en\/cart\/","og_site_name":"Boks &amp; Baum","article_modified_time":"2026-03-23T14:19:56+00:00","og_image":[{"url":"https:\/\/www.boksandbaum.com\/wp-content\/uploads\/2025\/11\/boksandbaum_ROMA_GREEN-520x520.webp","type":"","width":"","height":""}],"twitter_card":"summary_large_image","twitter_misc":{"Est. reading time":"3 minutes"},"schema":{"@context":"https:\/\/schema.org","@graph":[{"@type":"WebPage","@id":"https:\/\/www.boksandbaum.com\/en\/cart\/","url":"https:\/\/www.boksandbaum.com\/en\/cart\/","name":"Cart - Boks &amp; Baum","isPartOf":{"@id":"https:\/\/www.boksandbaum.com\/en\/#website"},"primaryImageOfPage":{"@id":"https:\/\/www.boksandbaum.com\/en\/cart\/#primaryimage"},"image":{"@id":"https:\/\/www.boksandbaum.com\/en\/cart\/#primaryimage"},"thumbnailUrl":"https:\/\/www.boksandbaum.com\/wp-content\/uploads\/2025\/11\/boksandbaum_ROMA_GREEN-520x520.webp","datePublished":"2025-06-16T09:05:23+00:00","dateModified":"2026-03-23T14:19:56+00:00","breadcrumb":{"@id":"https:\/\/www.boksandbaum.com\/en\/cart\/#breadcrumb"},"inLanguage":"en-US","potentialAction":[{"@type":"ReadAction","target":["https:\/\/www.boksandbaum.com\/en\/cart\/"]}]},{"@type":"ImageObject","inLanguage":"en-US","@id":"https:\/\/www.boksandbaum.com\/en\/cart\/#primaryimage","url":"https:\/\/www.boksandbaum.com\/wp-content\/uploads\/2025\/11\/boksandbaum_ROMA_GREEN-520x520.webp","contentUrl":"https:\/\/www.boksandbaum.com\/wp-content\/uploads\/2025\/11\/boksandbaum_ROMA_GREEN-520x520.webp"},{"@type":"BreadcrumbList","@id":"https:\/\/www.boksandbaum.com\/en\/cart\/#breadcrumb","itemListElement":[{"@type":"ListItem","position":1,"name":"Accueil","item":"https:\/\/www.boksandbaum.com\/en\/home\/"},{"@type":"ListItem","position":2,"name":"Cart"}]},{"@type":"WebSite","@id":"https:\/\/www.boksandbaum.com\/en\/#website","url":"https:\/\/www.boksandbaum.com\/en\/","name":"Boks &amp; Baum","description":"","publisher":{"@id":"https:\/\/www.boksandbaum.com\/en\/#organization"},"potentialAction":[{"@type":"SearchAction","target":{"@type":"EntryPoint","urlTemplate":"https:\/\/www.boksandbaum.com\/en\/?s={search_term_string}"},"query-input":{"@type":"PropertyValueSpecification","valueRequired":true,"valueName":"search_term_string"}}],"inLanguage":"en-US"},{"@type":"Organization","@id":"https:\/\/www.boksandbaum.com\/en\/#Organization\/","name":"Boks &amp; Baum","url":"https:\/\/www.boksandbaum.com\/en\/","logo":{"@type":"ImageObject","inLanguage":"en-US","@id":"https:\/\/www.boksandbaum.com\/en\/#\/schema\/logo\/image\/","url":"https:\/\/www.boksandbaum.com\/wp-content\/uploads\/2025\/06\/logo-3.webp","contentUrl":"https:\/\/www.boksandbaum.com\/wp-content\/uploads\/2025\/06\/logo-3.webp","width":610,"height":165,"caption":"Boks &amp; Baum"},"image":{"@id":"https:\/\/www.boksandbaum.com\/en\/#\/schema\/logo\/image\/"}}]}},"_links":{"self":[{"href":"https:\/\/www.boksandbaum.com\/en\/wp-json\/wp\/v2\/pages\/11014","targetHints":{"allow":["GET"]}}],"collection":[{"href":"https:\/\/www.boksandbaum.com\/en\/wp-json\/wp\/v2\/pages"}],"about":[{"href":"https:\/\/www.boksandbaum.com\/en\/wp-json\/wp\/v2\/types\/page"}],"author":[{"embeddable":true,"href":"https:\/\/www.boksandbaum.com\/en\/wp-json\/wp\/v2\/users\/1"}],"replies":[{"embeddable":true,"href":"https:\/\/www.boksandbaum.com\/en\/wp-json\/wp\/v2\/comments?post=11014"}],"version-history":[{"count":4,"href":"https:\/\/www.boksandbaum.com\/en\/wp-json\/wp\/v2\/pages\/11014\/revisions"}],"predecessor-version":[{"id":14178,"href":"https:\/\/www.boksandbaum.com\/en\/wp-json\/wp\/v2\/pages\/11014\/revisions\/14178"}],"wp:attachment":[{"href":"https:\/\/www.boksandbaum.com\/en\/wp-json\/wp\/v2\/media?parent=11014"}],"wp:term":[{"taxonomy":"category","embeddable":true,"href":"https:\/\/www.boksandbaum.com\/en\/wp-json\/wp\/v2\/categories?post=11014"},{"taxonomy":"post_tag","embeddable":true,"href":"https:\/\/www.boksandbaum.com\/en\/wp-json\/wp\/v2\/tags?post=11014"}],"curies":[{"name":"wp","href":"https:\/\/api.w.org\/{rel}","templated":true}]}}